{"id":239856,"date":"2020-11-03T13:55:13","date_gmt":"2020-11-03T13:55:13","guid":{"rendered":"http:\/\/dev.printvallee.com\/?page_id=239856"},"modified":"2021-02-25T06:17:05","modified_gmt":"2021-02-25T06:17:05","slug":"innovations","status":"publish","type":"page","link":"https:\/\/www.printvallee.com\/index.php\/innovations\/","title":{"rendered":"Innovations"},"content":{"rendered":"<p>[et_pb_section fb_built=\u00a0\u00bb1&Prime; disabled_on=\u00a0\u00bboff|off|off\u00a0\u00bb _builder_version=\u00a0\u00bb4.9.0&Prime; _module_preset=\u00a0\u00bbdefault\u00a0\u00bb width_tablet=\u00a0\u00bb90%\u00a0\u00bb width_phone=\u00a0\u00bb100%\u00a0\u00bb width_last_edited=\u00a0\u00bbon|tablet\u00a0\u00bb module_alignment=\u00a0\u00bbcenter\u00a0\u00bb min_height=\u00a0\u00bb100vh\u00a0\u00bb][et_pb_row _builder_version=\u00a0\u00bb4.8.1&Prime; _module_preset=\u00a0\u00bbdefault\u00a0\u00bb custom_margin=\u00a0\u00bb-28px|auto||auto||\u00a0\u00bb custom_padding=\u00a0\u00bb0px||2px|||\u00a0\u00bb][et_pb_column type=\u00a0\u00bb4_4&Prime; _builder_version=\u00a0\u00bb4.8.1&Prime; _module_preset=\u00a0\u00bbdefault\u00a0\u00bb][et_pb_text _builder_version=\u00a0\u00bb4.9.0&Prime; _module_preset=\u00a0\u00bbdefault\u00a0\u00bb text_font=\u00a0\u00bbAll round gothic|900|||||||\u00a0\u00bb text_text_color=\u00a0\u00bb#000000&Prime; text_font_size=\u00a0\u00bb6em\u00a0\u00bb text_line_height=\u00a0\u00bb1em\u00a0\u00bb position_origin_r=\u00a0\u00bbbottom_left\u00a0\u00bb vertical_offset=\u00a0\u00bb-68px\u00a0\u00bb horizontal_offset=\u00a0\u00bb-6px\u00a0\u00bb z_index=\u00a0\u00bb2&Prime; module_alignment=\u00a0\u00bbcenter\u00a0\u00bb custom_margin=\u00a0\u00bb15px||27px|||\u00a0\u00bb text_font_size_tablet=\u00a0\u00bb\u00a0\u00bb text_font_size_phone=\u00a0\u00bb3em\u00a0\u00bb text_font_size_last_edited=\u00a0\u00bbon|phone\u00a0\u00bb text_letter_spacing_last_edited=\u00a0\u00bbon|phone\u00a0\u00bb text_letter_spacing_phone=\u00a0\u00bb\u00a0\u00bb]<\/p>\n<p style=\"text-align: center;\">Innovations<\/p>\n<p>[\/et_pb_text][\/et_pb_column][\/et_pb_row][et_pb_row column_structure=\u00a0\u00bb1_2,1_2&Prime; _builder_version=\u00a0\u00bb4.9.0&Prime; _module_preset=\u00a0\u00bbdefault\u00a0\u00bb width=\u00a0\u00bb78%\u00a0\u00bb width_tablet=\u00a0\u00bb100%\u00a0\u00bb width_phone=\u00a0\u00bb90%\u00a0\u00bb width_last_edited=\u00a0\u00bbon|phone\u00a0\u00bb custom_margin=\u00a0\u00bb-3px|auto||auto|false|false\u00a0\u00bb custom_padding=\u00a0\u00bb0px|||||\u00a0\u00bb][et_pb_column type=\u00a0\u00bb1_2&Prime; _builder_version=\u00a0\u00bb4.8.1&Prime; _module_preset=\u00a0\u00bbdefault\u00a0\u00bb positioning=\u00a0\u00bbnone\u00a0\u00bb z_index=\u00a0\u00bb1&Prime;][et_pb_image src=\u00a0\u00bbhttps:\/\/www.printvallee.com\/wp-content\/uploads\/2020\/11\/Innovations2.png\u00a0\u00bb title_text=\u00a0\u00bbInnovations2&Prime; _builder_version=\u00a0\u00bb4.8.1&Prime; _module_preset=\u00a0\u00bbdefault\u00a0\u00bb transform_scale=\u00a0\u00bb150%|150%\u00a0\u00bb custom_margin=\u00a0\u00bb115px||||false|false\u00a0\u00bb custom_margin_tablet=\u00a0\u00bb\u00a0\u00bb custom_margin_phone=\u00a0\u00bb20px||||false|false\u00a0\u00bb custom_margin_last_edited=\u00a0\u00bbon|phone\u00a0\u00bb][\/et_pb_image][\/et_pb_column][et_pb_column type=\u00a0\u00bb1_2&Prime; _builder_version=\u00a0\u00bb4.8.1&Prime; _module_preset=\u00a0\u00bbdefault\u00a0\u00bb positioning=\u00a0\u00bbnone\u00a0\u00bb z_index=\u00a0\u00bb1&Prime;][et_pb_text _builder_version=\u00a0\u00bb4.8.2&Prime; text_font=\u00a0\u00bbAll round gothic||||||||\u00a0\u00bb text_font_size=\u00a0\u00bb18px\u00a0\u00bb header_font=\u00a0\u00bbAll round gothic||||||||\u00a0\u00bb header_2_font=\u00a0\u00bb||||||||\u00a0\u00bb header_3_font=\u00a0\u00bbAll round gothic|900|||||||\u00a0\u00bb header_3_font_size=\u00a0\u00bb26px\u00a0\u00bb header_3_line_height=\u00a0\u00bb1.6em\u00a0\u00bb background_color=\u00a0\u00bb#ffffff\u00a0\u00bb vertical_offset=\u00a0\u00bb-21px\u00a0\u00bb horizontal_offset=\u00a0\u00bb138px\u00a0\u00bb text_orientation=\u00a0\u00bbjustify\u00a0\u00bb width=\u00a0\u00bb100%\u00a0\u00bb width_tablet=\u00a0\u00bb\u00a0\u00bb width_phone=\u00a0\u00bb100%\u00a0\u00bb width_last_edited=\u00a0\u00bbon|phone\u00a0\u00bb max_width=\u00a0\u00bb100%\u00a0\u00bb module_alignment=\u00a0\u00bbcenter\u00a0\u00bb custom_margin=\u00a0\u00bb75px|||0px|false|false\u00a0\u00bb custom_margin_tablet=\u00a0\u00bb|||0px\u00a0\u00bb custom_margin_phone=\u00a0\u00bb8px||||false|false\u00a0\u00bb custom_margin_last_edited=\u00a0\u00bbon|desktop\u00a0\u00bb custom_padding=\u00a0\u00bb34px|40px|34px|40px|true|true\u00a0\u00bb custom_padding_tablet=\u00a0\u00bb\u00a0\u00bb custom_padding_phone=\u00a0\u00bb30px|20px|30px|20px|true|true\u00a0\u00bb custom_padding_last_edited=\u00a0\u00bbon|desktop\u00a0\u00bb text_font_size_tablet=\u00a0\u00bb\u00a0\u00bb text_font_size_phone=\u00a0\u00bb18px\u00a0\u00bb text_font_size_last_edited=\u00a0\u00bbon|desktop\u00a0\u00bb header_font_size_tablet=\u00a0\u00bb\u00a0\u00bb header_font_size_phone=\u00a0\u00bb16px\u00a0\u00bb header_font_size_last_edited=\u00a0\u00bbon|phone\u00a0\u00bb header_3_font_size_tablet=\u00a0\u00bb20px\u00a0\u00bb header_3_font_size_phone=\u00a0\u00bb16px\u00a0\u00bb header_3_font_size_last_edited=\u00a0\u00bbon|desktop\u00a0\u00bb custom_css_main_element=\u00a0\u00bbposition: relative;\u00a0\u00bb box_shadow_style=\u00a0\u00bbpreset3&Prime; text_text_align=\u00a0\u00bbjustify\u00a0\u00bb locked=\u00a0\u00bboff\u00a0\u00bb]<\/p>\n<p style=\"text-align: left;\"><strong>L\u2019\u00e9tat d\u2019esprit des dirigeants de Printvall\u00e9e est la volont\u00e9 d\u2019am\u00e9lioration continue, de se d\u00e9marquer de leur march\u00e9.<\/strong><\/p>\n<p style=\"text-align: left;\">Cela passe par de nouvelles id\u00e9es, savoir se remettre en question avec un esprit cr\u00e9atif.<\/p>\n<p style=\"text-align: left;\">L\u2019innovation est une alliance entre la recherche, l\u2019imagination et le courage industriel.<\/p>\n<p style=\"text-align: left;\"><span style=\"font-size: 18px;\">Le potentiel d\u2019innovation de Printvall\u00e9e est li\u00e9 \u00e0 la motivation de se diff\u00e9rencier et d\u2019accompagner ses clients dans une d\u00e9marche efficiente de transformation num\u00e9rique.<\/span><\/p>\n<p style=\"text-align: left;\"><span style=\"font-size: 18px;\">Cet \u00e9tat d\u2019esprit se caract\u00e9rise par la cr\u00e9ation, d\u00e8s 2012, de notre service engineering, enti\u00e8rement tourn\u00e9 vers l\u2019innovation au service de votre performance.<\/span><\/p>\n<p>[\/et_pb_text][\/et_pb_column][\/et_pb_row][\/et_pb_section]<\/p>\n","protected":false},"excerpt":{"rendered":"<p>InnovationsL\u2019\u00e9tat d\u2019esprit des dirigeants de Printvall\u00e9e est la volont\u00e9 d\u2019am\u00e9lioration continue, de se d\u00e9marquer de leur march\u00e9. Cela passe par de nouvelles id\u00e9es, savoir se remettre en question avec un esprit cr\u00e9atif. L\u2019innovation est une alliance entre la recherche, l\u2019imagination et le courage industriel. Le potentiel d\u2019innovation de Printvall\u00e9e est li\u00e9 \u00e0 la motivation de [&hellip;]<\/p>\n","protected":false},"author":1,"featured_media":0,"parent":0,"menu_order":0,"comment_status":"closed","ping_status":"closed","template":"","meta":{"_et_pb_use_builder":"on","_et_pb_old_content":"","_et_gb_content_width":""},"_links":{"self":[{"href":"https:\/\/www.printvallee.com\/index.php\/wp-json\/wp\/v2\/pages\/239856"}],"collection":[{"href":"https:\/\/www.printvallee.com\/index.php\/wp-json\/wp\/v2\/pages"}],"about":[{"href":"https:\/\/www.printvallee.com\/index.php\/wp-json\/wp\/v2\/types\/page"}],"author":[{"embeddable":true,"href":"https:\/\/www.printvallee.com\/index.php\/wp-json\/wp\/v2\/users\/1"}],"replies":[{"embeddable":true,"href":"https:\/\/www.printvallee.com\/index.php\/wp-json\/wp\/v2\/comments?post=239856"}],"version-history":[{"count":53,"href":"https:\/\/www.printvallee.com\/index.php\/wp-json\/wp\/v2\/pages\/239856\/revisions"}],"predecessor-version":[{"id":242404,"href":"https:\/\/www.printvallee.com\/index.php\/wp-json\/wp\/v2\/pages\/239856\/revisions\/242404"}],"wp:attachment":[{"href":"https:\/\/www.printvallee.com\/index.php\/wp-json\/wp\/v2\/media?parent=239856"}],"curies":[{"name":"wp","href":"https:\/\/api.w.org\/{rel}","templated":true}]}}