{"id":239582,"date":"2020-10-26T08:43:43","date_gmt":"2020-10-26T08:43:43","guid":{"rendered":"http:\/\/dev.printvallee.com\/?page_id=239582"},"modified":"2021-02-25T08:59:12","modified_gmt":"2021-02-25T08:59:12","slug":"digital-management","status":"publish","type":"page","link":"https:\/\/www.printvallee.com\/index.php\/digital-management\/","title":{"rendered":"Digital Management"},"content":{"rendered":"<p>[et_pb_section fb_built=\u00a0\u00bb1&Prime; disabled_on=\u00a0\u00bboff|off|off\u00a0\u00bb _builder_version=\u00a0\u00bb4.8.2&Prime; _module_preset=\u00a0\u00bbdefault\u00a0\u00bb width=\u00a0\u00bb90%\u00a0\u00bb module_alignment=\u00a0\u00bbcenter\u00a0\u00bb min_height=\u00a0\u00bb100vh\u00a0\u00bb custom_padding=\u00a0\u00bb0px|||||\u00a0\u00bb][et_pb_row column_structure=\u00a0\u00bb1_3,1_3,1_3&Prime; _builder_version=\u00a0\u00bb4.9.0&Prime; _module_preset=\u00a0\u00bbdefault\u00a0\u00bb z_index=\u00a0\u00bb1&Prime; width=\u00a0\u00bb100%\u00a0\u00bb custom_margin=\u00a0\u00bb|auto|0px|auto|false|false\u00a0\u00bb custom_padding=\u00a0\u00bb||1px|||\u00a0\u00bb hover_enabled=\u00a0\u00bb0&Prime; sticky_enabled=\u00a0\u00bb0&Prime;][et_pb_column type=\u00a0\u00bb1_3&Prime; _builder_version=\u00a0\u00bb4.6.6&Prime; _module_preset=\u00a0\u00bbdefault\u00a0\u00bb][et_pb_image src=\u00a0\u00bbhttps:\/\/www.printvallee.com\/wp-content\/uploads\/2020\/10\/DIGITAL.jpg\u00a0\u00bb title_text=\u00a0\u00bbDIGITAL\u00a0\u00bb src_tablet=\u00a0\u00bbhttps:\/\/www.printvallee.com\/wp-content\/uploads\/2020\/12\/Engineering-Mobile.png\u00a0\u00bb src_phone=\u00a0\u00bbhttps:\/\/www.printvallee.com\/wp-content\/uploads\/2020\/12\/Engineering-Mobile.png\u00a0\u00bb src_last_edited=\u00a0\u00bbon|phone\u00a0\u00bb align_tablet=\u00a0\u00bbcenter\u00a0\u00bb align_phone=\u00a0\u00bb\u00a0\u00bb align_last_edited=\u00a0\u00bbon|tablet\u00a0\u00bb _builder_version=\u00a0\u00bb4.9.0&Prime; _module_preset=\u00a0\u00bbdefault\u00a0\u00bb custom_margin=\u00a0\u00bb-120px||||false|false\u00a0\u00bb custom_margin_tablet=\u00a0\u00bb0px||||false|false\u00a0\u00bb custom_margin_phone=\u00a0\u00bb-40px||||false|false\u00a0\u00bb custom_margin_last_edited=\u00a0\u00bbon|phone\u00a0\u00bb][\/et_pb_image][\/et_pb_column][et_pb_column type=\u00a0\u00bb1_3&Prime; _builder_version=\u00a0\u00bb4.6.6&Prime; _module_preset=\u00a0\u00bbdefault\u00a0\u00bb][et_pb_text _builder_version=\u00a0\u00bb4.9.0&Prime; _module_preset=\u00a0\u00bbdefault\u00a0\u00bb text_font=\u00a0\u00bbAll round gothic||||||||\u00a0\u00bb text_font_size=\u00a0\u00bb18px\u00a0\u00bb positioning=\u00a0\u00bbrelative\u00a0\u00bb position_origin_a=\u00a0\u00bbcenter_left\u00a0\u00bb position_origin_f=\u00a0\u00bbtop_center\u00a0\u00bb position_origin_r=\u00a0\u00bbbottom_left\u00a0\u00bb z_index=\u00a0\u00bb1&Prime; width=\u00a0\u00bb100%\u00a0\u00bb width_tablet=\u00a0\u00bb100%\u00a0\u00bb width_phone=\u00a0\u00bb100%\u00a0\u00bb width_last_edited=\u00a0\u00bbon|phone\u00a0\u00bb module_alignment=\u00a0\u00bbcenter\u00a0\u00bb min_height=\u00a0\u00bb100%\u00a0\u00bb custom_margin=\u00a0\u00bb20px||0px|0px|false|false\u00a0\u00bb custom_margin_tablet=\u00a0\u00bb\u00a0\u00bb custom_margin_phone=\u00a0\u00bb-30px|||0px|false|false\u00a0\u00bb custom_margin_last_edited=\u00a0\u00bbon|phone\u00a0\u00bb custom_padding=\u00a0\u00bb|||0px||\u00a0\u00bb]<\/p>\n<p style=\"text-align: left;\"><strong>DigitalVall\u00e9e est notre service d\u00e9di\u00e9 <\/strong><strong>\u00e0 la production de supports et contenus <\/strong><strong>sur les m\u00e9dias interactifs\u00a0:<\/strong><\/p>\n<ul style=\"text-align: left;\">\n<li><span style=\"font-size: 18px;\">e-mailing,\u00a0<\/span><\/li>\n<li>animation HTML,<\/li>\n<li>newsletter,<\/li>\n<li>podcast,<\/li>\n<li>web,<\/li>\n<li>applications,<\/li>\n<li>3D,<\/li>\n<li>Vid\u00e9os \u2026<\/li>\n<\/ul>\n<p style=\"text-align: left;\">Nous vous accompagnons\u00a0de la d\u00e9finition<br \/> de vos besoins\u00a0au d\u00e9veloppement ou \u00e0 la<br \/> cr\u00e9ation\u00a0de solutions \u00ab\u00a0ad hoc\u00a0\u00bb.<\/p>\n<p style=\"text-align: left;\">Notre \u00e9quipe r\u00e9pond \u00e0 toutes\u00a0vos probl\u00e9matiques\u00a0en termes\u00a0de communication digitale.<\/p>\n<p>[\/et_pb_text][et_pb_button button_url=\u00a0\u00bbhttps:\/\/www.printvallee.com\/index.php\/digital-management-formulaire\/\u00a0\u00bb button_text=\u00a0\u00bbEn savoir plus\u00a0\u00bb _builder_version=\u00a0\u00bb4.9.0&Prime; _module_preset=\u00a0\u00bb095cb29f-c187-4965-8f56-10a30fad6931&Prime; z_index=\u00a0\u00bb5&Prime; custom_margin=\u00a0\u00bb20%||||false|false\u00a0\u00bb custom_margin_tablet=\u00a0\u00bb100px|||0px|false|false\u00a0\u00bb custom_margin_phone=\u00a0\u00bb50px|||10px|false|false\u00a0\u00bb custom_margin_last_edited=\u00a0\u00bbon|desktop\u00a0\u00bb][\/et_pb_button][\/et_pb_column][et_pb_column type=\u00a0\u00bb1_3&Prime; _builder_version=\u00a0\u00bb4.6.6&Prime; _module_preset=\u00a0\u00bbdefault\u00a0\u00bb][et_pb_text admin_label=\u00a0\u00bbInternet\u00a0\u00bb _builder_version=\u00a0\u00bb4.9.0&Prime; _module_preset=\u00a0\u00bbdefault\u00a0\u00bb text_font=\u00a0\u00bbAll round gothic|100|||||||\u00a0\u00bb text_text_color=\u00a0\u00bb#000000&Prime; text_font_size=\u00a0\u00bb34px\u00a0\u00bb vertical_offset=\u00a0\u00bb-358px\u00a0\u00bb horizontal_offset=\u00a0\u00bb401px\u00a0\u00bb width=\u00a0\u00bb100%\u00a0\u00bb max_width=\u00a0\u00bb100%\u00a0\u00bb custom_margin=\u00a0\u00bb||||false|false\u00a0\u00bb custom_margin_tablet=\u00a0\u00bb|5%||5%|false|false\u00a0\u00bb custom_margin_phone=\u00a0\u00bb\u00a0\u00bb custom_margin_last_edited=\u00a0\u00bbon|phone\u00a0\u00bb custom_padding=\u00a0\u00bb||||false|false\u00a0\u00bb animation_style=\u00a0\u00bbfade\u00a0\u00bb animation_duration=\u00a0\u00bb500ms\u00a0\u00bb text_font_last_edited=\u00a0\u00bboff|desktop\u00a0\u00bb text_font_size_tablet=\u00a0\u00bb\u00a0\u00bb text_font_size_phone=\u00a0\u00bb34px\u00a0\u00bb text_font_size_last_edited=\u00a0\u00bbon|phone\u00a0\u00bb]<\/p>\n<p>Intranet \/ Extranet<\/p>\n<p>[\/et_pb_text][et_pb_text admin_label=\u00a0\u00bbReferencement\u00a0\u00bb _builder_version=\u00a0\u00bb4.9.0&Prime; _module_preset=\u00a0\u00bbdefault\u00a0\u00bb text_font=\u00a0\u00bbAll round gothic|800|||||||\u00a0\u00bb text_text_color=\u00a0\u00bb#777776&Prime; text_font_size=\u00a0\u00bb20px\u00a0\u00bb vertical_offset=\u00a0\u00bb45px\u00a0\u00bb horizontal_offset=\u00a0\u00bb65px\u00a0\u00bb width=\u00a0\u00bb100%\u00a0\u00bb animation_style=\u00a0\u00bbfade\u00a0\u00bb animation_duration=\u00a0\u00bb500ms\u00a0\u00bb animation_delay=\u00a0\u00bb2500ms\u00a0\u00bb text_font_size_tablet=\u00a0\u00bb\u00a0\u00bb text_font_size_phone=\u00a0\u00bb\u00a0\u00bb text_font_size_last_edited=\u00a0\u00bbon|desktop\u00a0\u00bb]<\/p>\n<p><strong>R\u00e9f\u00e9rencement naturel<\/strong><\/p>\n<p>[\/et_pb_text][et_pb_text admin_label=\u00a0\u00bbE-Comerce\u00a0\u00bb _builder_version=\u00a0\u00bb4.9.0&Prime; _module_preset=\u00a0\u00bbdefault\u00a0\u00bb text_font=\u00a0\u00bbAll round gothic|900|||||||\u00a0\u00bb text_text_color=\u00a0\u00bb#000000&Prime; text_font_size=\u00a0\u00bb40px\u00a0\u00bb vertical_offset=\u00a0\u00bb-518px\u00a0\u00bb horizontal_offset=\u00a0\u00bb236px\u00a0\u00bb text_orientation=\u00a0\u00bbright\u00a0\u00bb width=\u00a0\u00bb100%\u00a0\u00bb custom_margin_tablet=\u00a0\u00bb0px||||false|false\u00a0\u00bb custom_margin_phone=\u00a0\u00bb\u00a0\u00bb custom_margin_last_edited=\u00a0\u00bbon|tablet\u00a0\u00bb custom_padding=\u00a0\u00bb|5%|||false|false\u00a0\u00bb animation_style=\u00a0\u00bbfade\u00a0\u00bb animation_duration=\u00a0\u00bb500ms\u00a0\u00bb animation_delay=\u00a0\u00bb1500ms\u00a0\u00bb]<\/p>\n<p>E-commerce<\/p>\n<p>[\/et_pb_text][et_pb_image src=\u00a0\u00bbhttps:\/\/www.printvallee.com\/wp-content\/uploads\/2020\/11\/Digital-Management.png\u00a0\u00bb title_text=\u00a0\u00bbDigital Management\u00a0\u00bb align=\u00a0\u00bbcenter\u00a0\u00bb align_tablet=\u00a0\u00bb\u00a0\u00bb align_phone=\u00a0\u00bbcenter\u00a0\u00bb align_last_edited=\u00a0\u00bbon|phone\u00a0\u00bb _builder_version=\u00a0\u00bb4.9.0&Prime; _module_preset=\u00a0\u00bbdefault\u00a0\u00bb transform_scale=\u00a0\u00bb150%|150%\u00a0\u00bb transform_scale_tablet=\u00a0\u00bb\u00a0\u00bb transform_scale_phone=\u00a0\u00bb\u00a0\u00bb transform_scale_last_edited=\u00a0\u00bbon|desktop\u00a0\u00bb transform_translate_tablet=\u00a0\u00bb\u00a0\u00bb transform_translate_phone=\u00a0\u00bb\u00a0\u00bb transform_translate_last_edited=\u00a0\u00bbon|desktop\u00a0\u00bb transform_rotate_tablet=\u00a0\u00bb\u00a0\u00bb transform_rotate_phone=\u00a0\u00bb\u00a0\u00bb transform_rotate_last_edited=\u00a0\u00bbon|desktop\u00a0\u00bb transform_skew_tablet=\u00a0\u00bb\u00a0\u00bb transform_skew_phone=\u00a0\u00bb\u00a0\u00bb transform_skew_last_edited=\u00a0\u00bbon|desktop\u00a0\u00bb transform_origin_tablet=\u00a0\u00bb\u00a0\u00bb transform_origin_phone=\u00a0\u00bb\u00a0\u00bb transform_origin_last_edited=\u00a0\u00bbon|desktop\u00a0\u00bb transform_styles_last_edited=\u00a0\u00bbon|desktop\u00a0\u00bb position_origin_a=\u00a0\u00bbtop_right\u00a0\u00bb vertical_offset=\u00a0\u00bb160px\u00a0\u00bb z_index=\u00a0\u00bb-1&Prime; width=\u00a0\u00bb100%\u00a0\u00bb module_alignment=\u00a0\u00bbcenter\u00a0\u00bb custom_margin=\u00a0\u00bb80px||4px|-177px|false|false\u00a0\u00bb custom_margin_tablet=\u00a0\u00bb\u00a0\u00bb custom_margin_phone=\u00a0\u00bb45px|0px|4px|0px|false|false\u00a0\u00bb custom_margin_last_edited=\u00a0\u00bbon|phone\u00a0\u00bb custom_padding=\u00a0\u00bb||2px|0px||\u00a0\u00bb animation_style=\u00a0\u00bbfade\u00a0\u00bb hover_enabled=\u00a0\u00bb0&Prime; transform_styles_tablet=\u00a0\u00bb\u00a0\u00bb transform_styles_phone=\u00a0\u00bb\u00a0\u00bb sticky_enabled=\u00a0\u00bb0&Prime;][\/et_pb_image][et_pb_text admin_label=\u00a0\u00bbOutils\u00a0\u00bb _builder_version=\u00a0\u00bb4.9.0&Prime; _module_preset=\u00a0\u00bbdefault\u00a0\u00bb text_font=\u00a0\u00bbAll round gothic|300|||||||\u00a0\u00bb text_text_color=\u00a0\u00bb#777776&Prime; text_font_size=\u00a0\u00bb40px\u00a0\u00bb vertical_offset=\u00a0\u00bb-529px\u00a0\u00bb horizontal_offset=\u00a0\u00bb49px\u00a0\u00bb width=\u00a0\u00bb100%\u00a0\u00bb custom_margin=\u00a0\u00bb60px||||false|false\u00a0\u00bb custom_margin_tablet=\u00a0\u00bb96px||||false|false\u00a0\u00bb custom_margin_phone=\u00a0\u00bb44px||||false|false\u00a0\u00bb custom_margin_last_edited=\u00a0\u00bbon|desktop\u00a0\u00bb animation_style=\u00a0\u00bbfade\u00a0\u00bb animation_duration=\u00a0\u00bb500ms\u00a0\u00bb animation_delay=\u00a0\u00bb3500ms\u00a0\u00bb hover_enabled=\u00a0\u00bb0&Prime; sticky_enabled=\u00a0\u00bb0&Prime;]<\/p>\n<p>Outils Connect\u00e9s<\/p>\n<p>[\/et_pb_text][et_pb_text admin_label=\u00a0\u00bbResponsive\u00a0\u00bb _builder_version=\u00a0\u00bb4.9.0&Prime; _module_preset=\u00a0\u00bbdefault\u00a0\u00bb text_font=\u00a0\u00bbAll round gothic||||||||\u00a0\u00bb text_text_color=\u00a0\u00bb#777776&Prime; text_font_size=\u00a0\u00bb40px\u00a0\u00bb vertical_offset=\u00a0\u00bb-90px\u00a0\u00bb horizontal_offset=\u00a0\u00bb330px\u00a0\u00bb text_orientation=\u00a0\u00bbright\u00a0\u00bb width=\u00a0\u00bb100%\u00a0\u00bb custom_padding=\u00a0\u00bb|5%|||false|false\u00a0\u00bb animation_style=\u00a0\u00bbfade\u00a0\u00bb animation_duration=\u00a0\u00bb500ms\u00a0\u00bb animation_delay=\u00a0\u00bb500ms\u00a0\u00bb]<\/p>\n<p>Responsive<\/p>\n<p>[\/et_pb_text][et_pb_text admin_label=\u00a0\u00bbSocial\u00a0\u00bb _builder_version=\u00a0\u00bb4.9.0&Prime; _module_preset=\u00a0\u00bbdefault\u00a0\u00bb text_font=\u00a0\u00bbAll round gothic|900|||||||\u00a0\u00bb text_text_color=\u00a0\u00bb#000000&Prime; text_font_size=\u00a0\u00bb40px\u00a0\u00bb vertical_offset=\u00a0\u00bb-82px\u00a0\u00bb horizontal_offset=\u00a0\u00bb206px\u00a0\u00bb width=\u00a0\u00bb100%\u00a0\u00bb animation_style=\u00a0\u00bbfade\u00a0\u00bb animation_duration=\u00a0\u00bb500ms\u00a0\u00bb animation_delay=\u00a0\u00bb3000ms\u00a0\u00bb]<\/p>\n<p>Social Media<\/p>\n<p>[\/et_pb_text][et_pb_text admin_label=\u00a0\u00bbFullstack\u00a0\u00bb _builder_version=\u00a0\u00bb4.9.0&Prime; _module_preset=\u00a0\u00bbdefault\u00a0\u00bb text_font=\u00a0\u00bbAll round gothic|900|||||||\u00a0\u00bb text_text_color=\u00a0\u00bb#777776&Prime; text_font_size=\u00a0\u00bb30px\u00a0\u00bb vertical_offset=\u00a0\u00bb-82px\u00a0\u00bb horizontal_offset=\u00a0\u00bb1223px\u00a0\u00bb text_orientation=\u00a0\u00bbcenter\u00a0\u00bb width=\u00a0\u00bb100%\u00a0\u00bb animation_style=\u00a0\u00bbfade\u00a0\u00bb animation_duration=\u00a0\u00bb500ms\u00a0\u00bb animation_delay=\u00a0\u00bb1000ms\u00a0\u00bb]<\/p>\n<p>D\u00e9veloppement Fullstack<\/p>\n<p>[\/et_pb_text][\/et_pb_column][\/et_pb_row][\/et_pb_section]<\/p>\n","protected":false},"excerpt":{"rendered":"<p>DigitalVall\u00e9e est notre service d\u00e9di\u00e9 \u00e0 la production de supports et contenus sur les m\u00e9dias interactifs\u00a0: e-mailing,\u00a0 animation HTML, newsletter, podcast, web, applications, 3D, Vid\u00e9os \u2026 Nous vous accompagnons\u00a0de la d\u00e9finition de vos besoins\u00a0au d\u00e9veloppement ou \u00e0 la cr\u00e9ation\u00a0de solutions \u00ab\u00a0ad hoc\u00a0\u00bb. Notre \u00e9quipe r\u00e9pond \u00e0 toutes\u00a0vos probl\u00e9matiques\u00a0en termes\u00a0de communication digitale.Intranet \/ ExtranetR\u00e9f\u00e9rencement naturelE-commerceOutils Connect\u00e9sResponsiveSocial [&hellip;]<\/p>\n","protected":false},"author":1,"featured_media":0,"parent":0,"menu_order":0,"comment_status":"closed","ping_status":"closed","template":"","meta":{"_et_pb_use_builder":"on","_et_pb_old_content":"","_et_gb_content_width":""},"_links":{"self":[{"href":"https:\/\/www.printvallee.com\/index.php\/wp-json\/wp\/v2\/pages\/239582"}],"collection":[{"href":"https:\/\/www.printvallee.com\/index.php\/wp-json\/wp\/v2\/pages"}],"about":[{"href":"https:\/\/www.printvallee.com\/index.php\/wp-json\/wp\/v2\/types\/page"}],"author":[{"embeddable":true,"href":"https:\/\/www.printvallee.com\/index.php\/wp-json\/wp\/v2\/users\/1"}],"replies":[{"embeddable":true,"href":"https:\/\/www.printvallee.com\/index.php\/wp-json\/wp\/v2\/comments?post=239582"}],"version-history":[{"count":73,"href":"https:\/\/www.printvallee.com\/index.php\/wp-json\/wp\/v2\/pages\/239582\/revisions"}],"predecessor-version":[{"id":242470,"href":"https:\/\/www.printvallee.com\/index.php\/wp-json\/wp\/v2\/pages\/239582\/revisions\/242470"}],"wp:attachment":[{"href":"https:\/\/www.printvallee.com\/index.php\/wp-json\/wp\/v2\/media?parent=239582"}],"curies":[{"name":"wp","href":"https:\/\/api.w.org\/{rel}","templated":true}]}}